{"id":16,"date":"2016-10-03T10:01:15","date_gmt":"2016-10-03T10:01:15","guid":{"rendered":"http:\/\/joachimkrebs.de\/?page_id=16"},"modified":"2018-04-14T07:34:06","modified_gmt":"2018-04-14T07:34:06","slug":"biographie","status":"publish","type":"page","link":"http:\/\/joachimkrebs.de\/?page_id=16&lang=de","title":{"rendered":"Biographie"},"content":{"rendered":"<h2><a href=\"http:\/\/joachimkrebs.de\/wp-content\/uploads\/2016\/10\/Joachim_portrait.jpg\"><img loading=\"lazy\" decoding=\"async\" class=\"size-full wp-image-68 alignright\" src=\"http:\/\/joachimkrebs.de\/wp-content\/uploads\/2016\/10\/Joachim_portrait.jpg\" alt=\"joachim_portrait\" width=\"204\" height=\"254\" \/><\/a><span class=\"textfett\">Joachim Krebs<\/span><\/h2>\n<p>Geboren 1952 in Karlsruhe (DE)<br \/>\nGestorben 2013 in Ettlingen (DE)<\/p>\n<p>&nbsp;<\/p>\n<p>&nbsp;<\/p>\n<p>&nbsp;<\/p>\n<p>Nach traditionellem Klavierunterricht ab 1966 erste Kompositionsversuche von Ger\u00e4uschKlangCollagen mit Tonband<\/p>\n<p>1968 \u20131978<br \/>\nAls Mitglied (Keyboards, Komposition) der legend\u00e4ren Rockmusiktheatergruppe \u201cCheckpoint Charlie&#8220; erste professionelle Erfahrungen im Multimedia-Performance-Bereich<\/p>\n<p>1972 \u2013 1983<br \/>\nKlavier- und 1979 \u2013 1983 Kompositionsstudium an der Staatlichen Hochschule f\u00fcr Musik Karlsruhe<\/p>\n<p>1972 \u2013 1995<br \/>\nEinsatz des Synthesizers in Konzert und Produktion<\/p>\n<p class=\"textnormal\">1980 &#8211; 2000<br \/>\nZahlreiche Auff\u00fchrungen von Instrumentalmusik unterschiedlichster Besetzung bei international bedeutenden Festivals f\u00fcr zeitgen\u00f6ssische Musik<\/p>\n<p class=\"textnormal\">1995 &#8211; 2013<br \/>\nInternationale Auff\u00fchrungen und Ausstellungen mit Raumklangkompositionen f\u00fcr begehbare und konzertante Raumklanginstallationen. Auswahl: Internationale Gaudeamus Musikwoche Amsterdam (NL). Internationales Festival zeitgen\u00f6ssischer Musikperformance Linz (A). Nuova Consonanza Rom (I). Donaueschinger Musiktage. Internationale Ferienkurse f\u00fcr Neue Musik Darmstadt. Audio-Art Festival Warschau (P). Zentrum f\u00fcr Kunst und Medientechnologie &#8211; ZKM Karlsruhe. Berliner Festwochen. Florida Electroacoustic Music Festival Gainesville (USA). CCMIX Paris (F). Science Center PHAENO Wolfsburg. ISCM World New Music Festival.<\/p>\n<p class=\"textnormal\"><strong><span class=\"textfett\">Produktionen<\/span><\/strong><br \/>\nbei allen wichtigen Rundfunkanstalten in Deutschland. Frankreich (France Musique). Italien (RAI). Niederlande (NOS). \u00d6sterreich (ORF). CD-, CD-ROM und Videoproduktionen u. a. bei WERGO. CPO. MDG. Frauenlob Bauer. Schneeball. ZKM.<\/p>\n<p class=\"textnormal\">Die wichtigsten Auszeichnungen Beethovenpreis der Stadt Bonn. Villa Massimo Rom (I). The German Marshal Fund of the United States (USA). Internationale Gaudeamus Musikwoche (NL). Internationale Viola-Forschungsgesellschaft Salzburg (A). Internationale Ferienkurse f\u00fcr Neue Musik Darmstadt. Heinrich-Strobel-Stiftung des SWF. Kultusministerien der L\u00e4nder Niedersachsen und Nordrhein-Westfalen. Kunststiftung Baden-W\u00fcrttemberg.<\/p>\n<p class=\"textsehrgro\u00df\">1978 &#8211; 2013<br \/>\nIntensive Besch\u00e4ftigung mit au\u00dfer-europ\u00e4ischen Musiktraditionen<\/p>\n<p class=\"textnormal\">1980 &#8211; 1985<br \/>\nMitglied der Folk-Jazz-Rockmusikgruppe \u201eSoh\u00b4ra\u201c Zusammenarbeit mit Musikern aus Indien, Afghanistan und den USA<\/p>\n<p class=\"textnormal\">1983<br \/>\nStudienaufenthalte und Konzerttourneen in Indien und den USA<\/p>\n<p class=\"textnormal\">1985 &#8211; 2013<br \/>\nEinsatz des Samplers in Konzert und Produktion<\/p>\n<p class=\"textsehrgro\u00df\">1986 &#8211; 2013<br \/>\nAkademischer Mitarbeiter f\u00fcr Freie Improvisation an der Staatlichen Hochschule f\u00fcr Musik Karlsruhe<\/p>\n<p class=\"textnormal\">1994 &#8211; 1996<br \/>\nEntwicklung des Verfahrens der Raumklangmikroskopierung nat\u00fcrlicher Klangmaterialien.<\/p>\n<p class=\"textnormal\">1995 &#8211; 1999<br \/>\nRaumklangkompositionen im Rahmen der Projektreihe \u201e<a class=\"link1\" href=\"http:\/\/joachimkrebs.de\/?page_id=24&amp;lang=de\">Artificial Soundscapes<\/a>\u201c.<\/p>\n<p class=\"textnormal\">1998 &#8211; 2008<br \/>\nProduktionen, internationale Auff\u00fchrungen \/ Ausstellungen und Sendungen des K\u00fcnstlerduos &lt;sabine sch\u00e4fer \/\/ joachim krebs&gt; auf dem Gebiet der Raumklangkunst und der radiophonen Klangkunst. Raumklangkompositionen f\u00fcr RaumklangObjekte und umgehbare, begehbare und konzertante RaumklangK\u00f6rper.<\/p>\n<p class=\"textnormal\">2009 -2013<br \/>\nUnter dem neuen K\u00fcnstlernamen &lt;SA\/JO&gt;: Beginn der Medienkunst-Projektreihe \u201eMicroSonical Shining Biospheres\u201c mit begehbaren Ereignis-Sph\u00e4ren aus r\u00e4umlich gesetzten Mikrokl\u00e4ngen der Tierwelt und \u201evierdimensionalem\u201c LED-Farblicht.<\/p>\n<p class=\"textnormal\">Alle Instrumentalwerke von 1978-1989 sind bei <a class=\"link1\" href=\"http:\/\/www.peermusic-classical.de\/komponisten\/krebs_joachim\/\" target=\"_blank\" rel=\"noopener\">Peermusic Hamburg \/ New York<\/a> erschienen.<\/p>\n<p>&nbsp;<\/p>\n","protected":false},"excerpt":{"rendered":"<p>Joachim Krebs Geboren 1952 in Karlsruhe (DE) Gestorben 2013 in Ettlingen (DE) &nbsp; &nbsp; &nbsp; Nach traditionellem Klavierunterricht ab 1966 erste Kompositionsversuche von Ger\u00e4uschKlangCollagen mit Tonband 1968 \u20131978 Als Mitglied (Keyboards, Komposition) der legend\u00e4ren Rockmusiktheatergruppe \u201cCheckpoint Charlie&#8220; erste professionelle Erfahrungen im Multimedia-Performance-Bereich 1972 \u2013 1983 Klavier- und 1979 \u2013 1983 Kompositionsstudium an der Staatlichen Hochschule <a href=\"http:\/\/joachimkrebs.de\/?page_id=16&#038;lang=de\"> read more <span class=\"meta-nav\"><\/span><\/a><\/p>\n","protected":false},"author":1,"featured_media":0,"parent":0,"menu_order":0,"comment_status":"closed","ping_status":"closed","template":"","meta":{"footnotes":"","_links_to":"","_links_to_target":""},"class_list":["post-16","page","type-page","status-publish","hentry"],"_links":{"self":[{"href":"http:\/\/joachimkrebs.de\/index.php?rest_route=\/wp\/v2\/pages\/16","targetHints":{"allow":["GET"]}}],"collection":[{"href":"http:\/\/joachimkrebs.de\/index.php?rest_route=\/wp\/v2\/pages"}],"about":[{"href":"http:\/\/joachimkrebs.de\/index.php?rest_route=\/wp\/v2\/types\/page"}],"author":[{"embeddable":true,"href":"http:\/\/joachimkrebs.de\/index.php?rest_route=\/wp\/v2\/users\/1"}],"replies":[{"embeddable":true,"href":"http:\/\/joachimkrebs.de\/index.php?rest_route=%2Fwp%2Fv2%2Fcomments&post=16"}],"version-history":[{"count":6,"href":"http:\/\/joachimkrebs.de\/index.php?rest_route=\/wp\/v2\/pages\/16\/revisions"}],"predecessor-version":[{"id":210,"href":"http:\/\/joachimkrebs.de\/index.php?rest_route=\/wp\/v2\/pages\/16\/revisions\/210"}],"wp:attachment":[{"href":"http:\/\/joachimkrebs.de\/index.php?rest_route=%2Fwp%2Fv2%2Fmedia&parent=16"}],"curies":[{"name":"wp","href":"https:\/\/api.w.org\/{rel}","templated":true}]}}